{"id":1603,"date":"2025-04-08T11:35:43","date_gmt":"2025-04-08T08:35:43","guid":{"rendered":"https:\/\/www.koveri.ee\/?page_id=1603"},"modified":"2025-04-08T11:35:43","modified_gmt":"2025-04-08T08:35:43","slug":"loomavaatlus","status":"publish","type":"page","link":"https:\/\/www.koveri.ee\/en\/loomavaatlus\/","title":{"rendered":"Loomavaatlus"},"content":{"rendered":"\n<p>Puhkus looduse keskel. Lindude ja loomade keskel varjendid, kus end v\u00e4lja puhata linna m\u00fcrast. P\u00e4evasel ajal linnud ja \u00f6\u00f6sel metsloomad, keda vaadates silma puhata.<\/p>\n\n\n\n<p>Ainulaadne v\u00f5imalus 2025 aastal katsetada varjendeid -50% soodustusega.<\/p>\n\n\n\n<p>Helista +372 5689 3858 v\u00f5i kirjuta info@koveri.ee ning koge looduse v\u00f5lusid.<\/p>\n\n\n\n<figure class=\"wp-block-gallery has-nested-images columns-default is-cropped wp-block-gallery-1 is-layout-flex wp-block-gallery-is-layout-flex\">\n<figure class=\"wp-block-image size-full\"><a href=\"https:\/\/www.koveri.ee\/wp-content\/uploads\/2025\/04\/image.jpeg\"><img loading=\"lazy\" decoding=\"async\" width=\"1024\" height=\"768\" data-id=\"1605\" src=\"https:\/\/www.koveri.ee\/wp-content\/uploads\/2025\/04\/image.jpeg\" alt=\"This image has an empty alt attribute; its file name is SYFW0497-1024x768.jpg\" class=\"wp-image-1605\" srcset=\"https:\/\/www.koveri.ee\/wp-content\/uploads\/2025\/04\/image.jpeg 1024w, https:\/\/www.koveri.ee\/wp-content\/uploads\/2025\/04\/image-300x225.jpeg 300w, https:\/\/www.koveri.ee\/wp-content\/uploads\/2025\/04\/image-768x576.jpeg 768w, https:\/\/www.koveri.ee\/wp-content\/uploads\/2025\/04\/image-624x468.jpeg 624w\" sizes=\"(max-width: 1024px) 100vw, 1024px\" \/><\/a><\/figure>\n<\/figure>\n","protected":false},"excerpt":{"rendered":"<p>Puhkus looduse keskel. Lindude ja loomade keskel varjendid, kus end v\u00e4lja puhata linna m\u00fcrast. P\u00e4evasel ajal linnud ja \u00f6\u00f6sel metsloomad, keda vaadates silma puhata. Ainulaadne v\u00f5imalus 2025 aastal katsetada varjendeid -50% soodustusega. Helista +372 5689 3858 v\u00f5i kirjuta info@koveri.ee ning koge looduse v\u00f5lusid.<\/p>\n","protected":false},"author":3,"featured_media":0,"parent":0,"menu_order":0,"comment_status":"closed","ping_status":"closed","template":"","meta":{"om_disable_all_campaigns":false,"_monsterinsights_skip_tracking":false,"_monsterinsights_sitenote_active":false,"_monsterinsights_sitenote_note":"","_monsterinsights_sitenote_category":0,"footnotes":""},"aioseo_notices":[],"_links":{"self":[{"href":"https:\/\/www.koveri.ee\/en\/wp-json\/wp\/v2\/pages\/1603"}],"collection":[{"href":"https:\/\/www.koveri.ee\/en\/wp-json\/wp\/v2\/pages"}],"about":[{"href":"https:\/\/www.koveri.ee\/en\/wp-json\/wp\/v2\/types\/page"}],"author":[{"embeddable":true,"href":"https:\/\/www.koveri.ee\/en\/wp-json\/wp\/v2\/users\/3"}],"replies":[{"embeddable":true,"href":"https:\/\/www.koveri.ee\/en\/wp-json\/wp\/v2\/comments?post=1603"}],"version-history":[{"count":1,"href":"https:\/\/www.koveri.ee\/en\/wp-json\/wp\/v2\/pages\/1603\/revisions"}],"predecessor-version":[{"id":1606,"href":"https:\/\/www.koveri.ee\/en\/wp-json\/wp\/v2\/pages\/1603\/revisions\/1606"}],"wp:attachment":[{"href":"https:\/\/www.koveri.ee\/en\/wp-json\/wp\/v2\/media?parent=1603"}],"curies":[{"name":"wp","href":"https:\/\/api.w.org\/{rel}","templated":true}]}}